{"id":1813,"date":"2022-12-19T16:57:56","date_gmt":"2022-12-19T15:57:56","guid":{"rendered":"https:\/\/profondval.com\/cookies\/"},"modified":"2023-05-04T19:57:58","modified_gmt":"2023-05-04T17:57:58","slug":"cookies","status":"publish","type":"page","link":"https:\/\/profondval.com\/nl\/cookies\/","title":{"rendered":"Cookies"},"content":{"rendered":"\t\t<div data-elementor-type=\"wp-page\" data-elementor-id=\"1813\" class=\"elementor elementor-1813 elementor-1131\" data-elementor-post-type=\"page\">\n\t\t\t\t\t\t<section class=\"elementor-section elementor-top-section elementor-element elementor-element-1321eef elementor-section-boxed elementor-section-height-default elementor-section-height-default\" data-id=\"1321eef\" data-element_type=\"section\" data-e-type=\"section\">\n\t\t\t\t\t\t<div class=\"elementor-container elementor-column-gap-default\">\n\t\t\t\t\t<div class=\"elementor-column elementor-col-100 elementor-top-column elementor-element elementor-element-2557e25\" data-id=\"2557e25\" data-element_type=\"column\" data-e-type=\"column\">\n\t\t\t<div class=\"elementor-widget-wrap elementor-element-populated\">\n\t\t\t\t\t\t<div class=\"elementor-element elementor-element-1125d64 elementor-widget elementor-widget-text-editor\" data-id=\"1125d64\" data-element_type=\"widget\" data-e-type=\"widget\" data-widget_type=\"text-editor.default\">\n\t\t\t\t<div class=\"elementor-widget-container\">\n\t\t\t\t\t\t\t\t\t<p><strong>Objet<\/strong><\/p>\n<p>La pr\u00e9sente Politique est \u00e9tablie par Double V SRL, soci\u00e9t\u00e9 \u00e9ditrice du site internet https:\/\/profondval.com (ci-apr\u00e8s le \u00ab site web \u00bb), dont le si\u00e8ge social est \u00e0 Chemin de Profondval, 2 \u00e0 1490 Court-Saint-Etienne sous le num\u00e9ro d\u2019entreprise : BE 0455.893.961.<\/p>\n<p>Profondval (ci-apr\u00e8s \u00ab Nous \u00bb, \u00ab nos \u00bb, \u00ab notre \u00bb) s\u2019efforce de vous offrir le meilleur service possible et souhaite d\u00e8s lors pr\u00e9server la confiance que vous portez dans notre entreprise en vous informant de notre politique d\u2019utilisation et de stockage des cookies.<\/p>\n<p><strong>Qu\u2019est-ce qu\u2019un cookie ?<\/strong><\/p>\n<p>Un cookie est un petit fichier texte d\u00e9pos\u00e9 sur le disque dur de votre ordinateur ou de votre appareil mobile qui est \u00e9mis par le serveur du site web que vous consultez.<\/p>\n<p>Le cookie contient un code unique qui permet \u00e0 son \u00e9metteur de reconna\u00eetre le terminal concern\u00e9 (votre ordinateur ou votre appareil mobile) \u00e0 chaque fois que le site web est visit\u00e9.<\/p>\n<p>Le cookie identifie le navigateur de votre terminal mais jamais vous personnellement. En outre, le serveur d\u2019un site web peut uniquement lire les cookies qu\u2019il a lui-m\u00eame plac\u00e9s et n\u2019a acc\u00e8s \u00e0 aucune autre information se trouvant sur votre ordinateur ou sur votre appareil mobile.<\/p>\n<p>Les cookies peuvent soit \u00eatre plac\u00e9s par le serveur du site web que vous visitez \u00ab cookies d\u2019origine \u00bb soit par des partenaires avec lesquels ce site web collabore \u00ab cookies tiers \u00bb.<\/p>\n<p><strong>Dur\u00e9e de validit\u00e9 d\u2019un cookie<\/strong><\/p>\n<p>Certains cookies expirent lorsque vous fermez votre navigateur \u00ab cookies de session \u00bb, alors que d\u2019autres restent plus longtemps sur votre terminal, parfois m\u00eame jusqu\u2019\u00e0 ce que vous les supprimiez manuellement \u00ab cookies permanents \u00bb.<\/p>\n<p>De mani\u00e8re g\u00e9n\u00e9rale, les cookies ont une dur\u00e9e de validit\u00e9 limit\u00e9e. La dur\u00e9e de validit\u00e9 la plus commune est de 30 jours et la dur\u00e9e maximale de 13 mois \u00e0 compter du jour o\u00f9 le cookie est d\u00e9pos\u00e9 sur votre terminal.<\/p>\n<p><strong>Objectifs g\u00e9n\u00e9raux des cookies<\/strong><\/p>\n<p>Le but premier est d\u2019assurer une navigation plus efficace et rapide (p.ex. un cookie retient la langue que vous choisissez, vous identifie quand vous acc\u00e9dez \u00e0 votre compte,\u2026). Les cookies m\u00e9morisent vos pr\u00e9f\u00e9rences et vous permettent ainsi d\u2019acc\u00e9l\u00e9rer et de faciliter vos acc\u00e8s au site.<\/p>\n<p>Ils permettent \u00e9galement de comprendre comment vous naviguez sur notre site web.<\/p>\n<p>En outre, ils offrent la possibilit\u00e9 de rendre le contenu d\u2019un site web ou la publicit\u00e9 pr\u00e9sente sur ce site, plus pertinents pour vous. Le site sera donc adapt\u00e9 \u00e0 vos go\u00fbts personnels et \u00e0 vos besoins.<\/p>\n<p><strong>Gestion des cookies<\/strong><\/p>\n<p>Pour placer certains cookies sur votre terminal, il est n\u00e9cessaire que nous obtenions votre consentement pr\u00e9alable et explicite. Nous l\u2019obtenons gr\u00e2ce \u00e0 la banni\u00e8re plac\u00e9e sur la page d\u2019accueil du site web.<\/p>\n<p>De plus, la plupart des navigateurs utilisent des cookies. Vous pouvez \u00e9galement supprimer ces cookies ou refuser leur installation \u00e0 tout moment et gratuitement en modifiant les options de votre logiciel de navigation. La configuration de chaque navigateur est diff\u00e9rente. Chaque proc\u00e9dure est d\u00e9crite dans le menu d\u2019aide de votre navigateur. Pour cela, veuillez-vous rendre sur les liens suivants :<\/p>\n<p>Firefox : https:\/\/support.mozilla.org\/fr\/kb\/effacer-les-cookies-pour-supprimer-les-information<\/p>\n<p>Chrome : https:\/\/support.google.com\/chrome\/answer\/95647?hl=fr<\/p>\n<p>Safari : https:\/\/support.apple.com\/fr-fr\/HT201265<\/p>\n<p>Explorer : https:\/\/support.microsoft.com\/fr-be\/help\/17442\/windows-internet-explorer-delete-manage-cookies<\/p>\n<p>En refusant l\u2019utilisation de cookies, vous pouvez acc\u00e9der \u00e0 notre site web. Toutefois, certaines fonctionnalit\u00e9s seront limit\u00e9es, voire impossibles.<\/p>\n<p><strong>Types de cookies<\/strong><\/p>\n<p>Cookies techniques<\/p>\n<p>Ces cookies qui ne contiennent que votre adresse IP sont indispensables pour la visite du site.<\/p>\n<p>Ils permettent de :<\/p>\n<p>surfer sur les diff\u00e9rentes pages du site web et profiter de ses fonctionnalit\u00e9s ;<br \/>compl\u00e9ter des formulaires ;<br \/>assurer la v\u00e9rification de votre identit\u00e9 lorsque vous acc\u00e9dez \u00e0 vos donn\u00e9es personnelles ;<br \/>s\u00e9curiser les acc\u00e8s au site web.<br \/>Ces cookies ne n\u00e9cessitent pas votre consentement puisqu\u2019ils vous permettent, notamment, d\u2019acc\u00e9der au site web.<\/p>\n<p>Cookies fonctionnels<\/p>\n<p>Ces cookies facilitent et analysent le fonctionnement de notre site web. Gr\u00e2ce \u00e0 ceux-ci, nous pouvons rendre votre exp\u00e9rience de navigation plus agr\u00e9able et plus personnalis\u00e9e.<\/p>\n<p>Gr\u00e2ce \u00e0 eux nous pouvons :<\/p>\n<p>personnaliser les services (langue, devise, localisation, donn\u00e9es de navigation, etc\u2026) ;<br \/>retenir vos choix d\u2019une visite pr\u00e9c\u00e9dente ;<br \/>collecter les informations des formulaires en ligne ;<br \/>\u00e9tablir des statistiques ;<br \/>Analyser l\u2019utilisation du site.<br \/>A l\u2019instar des cookies techniques, ces cookies sont utilis\u00e9es pour am\u00e9liorer votre navigation et ne n\u00e9cessitent pas votre consentement.<\/p>\n<p>Cookies analytiques ou de performance<\/p>\n<p>Ces cookies sont utilis\u00e9s pour recueillir des informations sur la mani\u00e8re dont vous visitez notre site web. Ceux-ci nous permettent de mesurer l\u2019audience des diff\u00e9rents contenus et rubriques de notre site web afin d\u2019am\u00e9liorer ceux-ci.<\/p>\n<p>Gr\u00e2ce \u00e0 ces cookies nous pouvons d\u00e9tecter des probl\u00e8mes de navigation et am\u00e9liorer l\u2019ergonomie de notre site web.<\/p>\n<p>Ces donn\u00e9es sont rassembl\u00e9es et sont donc compl\u00e8tement anonymis\u00e9es.<\/p>\n<p>Pour ces cookies, nous avons besoin de votre consentement.<\/p>\n<p>Liste des cookies que nous utilisons<\/p>\n<p>Nom Cookie: wp-settings-1<\/p>\n<p>Description: utilis\u00e9 pour personnaliser l\u2019interface de l\u2019utilisateur.<\/p>\n<p>Dur\u00e9e de validit\u00e9: 1 an<\/p>\n<p>Nom Cookie: wp-settings-time-1<\/p>\n<p>Description: Heure \u00e0 laquelle wp-settings-{user} a \u00e9t\u00e9 r\u00e9gl\u00e9.<\/p>\n<p>Dur\u00e9e de validit\u00e9: 1 an<\/p>\n<p>Nom Cookie: wordpress_logged_in_<\/p>\n<p>Description: indique quand vous \u00eates connect\u00e9 et qui vous \u00eates.<\/p>\n<p>Dur\u00e9e de validit\u00e9: session<\/p>\n<p>Nom Cookie: wordpress_test_cookie<\/p>\n<p>Description: v\u00e9rifie si votre navigateur web est configur\u00e9 pour autoriser ou refuser les cookies.<\/p>\n<p>Dur\u00e9e de validit\u00e9: session<\/p>\n<p>Nom Cookie: wordpress_sec<\/p>\n<p>Description: ce cookie est utilis\u00e9 pour stocker les informations d\u2019authentification des administrateurs.<\/p>\n<p>Dur\u00e9e de validit\u00e9: session<\/p>\n<p>Nom Cookie: PHPSESSID<\/p>\n<p>Description: Cookie permettant d\u2019\u00e9tablir la communication entre le serveur web et le navigateur. Il stocke temporairement des informations sur votre session pour, par exemple, ne pas devoir \u00e0 remplir de nouveau enti\u00e8rement un formulaire lors du rechargement de la page ou lors d\u2019une erreur.<\/p>\n<p>Dur\u00e9e de validit\u00e9: session<\/p>\n<p>Vos droits sur le traitement de vos donn\u00e9es \u00e0 caract\u00e8re personnel<\/p>\n<p>Les cookies qui traitent des donn\u00e9es \u00e0 caract\u00e8re personnel sont soumis aux r\u00e8gles en mati\u00e8re de protection des donn\u00e9es \u00e0 caract\u00e8re personnel. Dans ce cadre, vous disposez de certains droits (droit d\u2019acc\u00e8s, un droit de rectification, un droit d\u2019opposition, un droit de retrait du consentement, etc.).<\/p>\n<p>Nous vous renvoyons vers notre Politique de vie priv\u00e9e (https:\/\/profondval.com\/privacy-policy\/) qui reprend le d\u00e9tail de vos droits et les conditions d\u2019application de ceux-ci.<\/p>\n<p><strong>Contact<\/strong><\/p>\n<p>Adresse e-mail de la soci\u00e9t\u00e9 : info@profondval.com<\/p>\n<p>Adresse postale de la soci\u00e9t\u00e9 : Chemin de Profondval, 2 \u2013 1490 Court-Saint-Etienne<\/p>\n<p><strong>Modification<\/strong><\/p>\n<p>Nous nous r\u00e9servons le droit de modifier \u00e0 tout moment les dispositions de la pr\u00e9sente Politique. Nous publierons les modifications directement sur notre site web.<\/p>\n<p>Droit applicable et juridictions comp\u00e9tentes<\/p>\n<p>La pr\u00e9sente Politique est r\u00e9gie par le droit national de notre lieu d\u2019\u00e9tablissement principal repris ci-avant.<\/p>\n<p>Tout litige relatif \u00e0 l\u2019interpr\u00e9tation ou l\u2019ex\u00e9cution de la pr\u00e9sente Politique sera soumis aux juridictions de ce droit national.<\/p>\n<p>La pr\u00e9sente version de la Politique entre en vigueur et a \u00e9t\u00e9 mise \u00e0 jour en date du 04\/05\/2021.<\/p>\n\t\t\t\t\t\t\t\t<\/div>\n\t\t\t\t<\/div>\n\t\t\t\t\t<\/div>\n\t\t<\/div>\n\t\t\t\t\t<\/div>\n\t\t<\/section>\n\t\t\t\t<\/div>\n\t\t","protected":false},"excerpt":{"rendered":"<p>Objet La pr\u00e9sente Politique est \u00e9tablie par Double V SRL, soci\u00e9t\u00e9 \u00e9ditrice du site internet https:\/\/profondval.com (ci-apr\u00e8s le \u00ab site web \u00bb), dont le si\u00e8ge social est \u00e0 Chemin de Profondval, 2 \u00e0 1490 Court-Saint-Etienne sous le num\u00e9ro d\u2019entreprise : BE 0455.893.961. Profondval (ci-apr\u00e8s \u00ab Nous \u00bb, \u00ab nos \u00bb, \u00ab notre \u00bb) s\u2019efforce de [&hellip;]<\/p>\n","protected":false},"author":1,"featured_media":0,"parent":0,"menu_order":0,"comment_status":"closed","ping_status":"closed","template":"","meta":{"footnotes":""},"class_list":["post-1813","page","type-page","status-publish","hentry"],"_links":{"self":[{"href":"https:\/\/profondval.com\/nl\/wp-json\/wp\/v2\/pages\/1813","targetHints":{"allow":["GET"]}}],"collection":[{"href":"https:\/\/profondval.com\/nl\/wp-json\/wp\/v2\/pages"}],"about":[{"href":"https:\/\/profondval.com\/nl\/wp-json\/wp\/v2\/types\/page"}],"author":[{"embeddable":true,"href":"https:\/\/profondval.com\/nl\/wp-json\/wp\/v2\/users\/1"}],"replies":[{"embeddable":true,"href":"https:\/\/profondval.com\/nl\/wp-json\/wp\/v2\/comments?post=1813"}],"version-history":[{"count":1,"href":"https:\/\/profondval.com\/nl\/wp-json\/wp\/v2\/pages\/1813\/revisions"}],"predecessor-version":[{"id":1814,"href":"https:\/\/profondval.com\/nl\/wp-json\/wp\/v2\/pages\/1813\/revisions\/1814"}],"wp:attachment":[{"href":"https:\/\/profondval.com\/nl\/wp-json\/wp\/v2\/media?parent=1813"}],"curies":[{"name":"wp","href":"https:\/\/api.w.org\/{rel}","templated":true}]}}